{"id":10,"date":"2025-10-16T02:23:27","date_gmt":"2025-10-16T00:23:27","guid":{"rendered":"https:\/\/hidrovinz.com\/?page_id=10"},"modified":"2025-10-17T17:59:11","modified_gmt":"2025-10-17T15:59:11","slug":"inicio","status":"publish","type":"page","link":"https:\/\/hidrovinz.com\/?page_id=10","title":{"rendered":"Inicio"},"content":{"rendered":"\t\t<div data-elementor-type=\"wp-page\" data-elementor-id=\"10\" class=\"elementor elementor-10\" data-elementor-post-type=\"page\">\n\t\t\t\t<div class=\"elementor-element elementor-element-b0f065d e-flex e-con-boxed e-con e-parent\" data-id=\"b0f065d\" data-element_type=\"container\" data-e-type=\"container\">\n\t\t\t\t\t<div class=\"e-con-inner\">\n\t\t\t\t<div class=\"elementor-element elementor-element-173555e elementor-widget elementor-widget-image\" data-id=\"173555e\" data-element_type=\"widget\" data-e-type=\"widget\" data-widget_type=\"image.default\">\n\t\t\t\t\t\t\t\t\t\t\t\t\t\t\t<img fetchpriority=\"high\" decoding=\"async\" width=\"800\" height=\"450\" src=\"https:\/\/hidrovinz.com\/wp-content\/uploads\/2025\/10\/IMG_20230101_125437773_HDR-1-1-1024x576.jpg\" class=\"attachment-large size-large wp-image-37\" alt=\"\" srcset=\"https:\/\/hidrovinz.com\/wp-content\/uploads\/2025\/10\/IMG_20230101_125437773_HDR-1-1-1024x576.jpg 1024w, https:\/\/hidrovinz.com\/wp-content\/uploads\/2025\/10\/IMG_20230101_125437773_HDR-1-1-300x169.jpg 300w, https:\/\/hidrovinz.com\/wp-content\/uploads\/2025\/10\/IMG_20230101_125437773_HDR-1-1-768x432.jpg 768w, https:\/\/hidrovinz.com\/wp-content\/uploads\/2025\/10\/IMG_20230101_125437773_HDR-1-1-1536x864.jpg 1536w, https:\/\/hidrovinz.com\/wp-content\/uploads\/2025\/10\/IMG_20230101_125437773_HDR-1-1-2048x1152.jpg 2048w\" sizes=\"(max-width: 800px) 100vw, 800px\" \/>\t\t\t\t\t\t\t\t\t\t\t\t\t\t\t<\/div>\n\t\t\t\t\t<\/div>\n\t\t\t\t<\/div>\n\t\t<div class=\"elementor-element elementor-element-a025c91 e-flex e-con-boxed e-con e-parent\" data-id=\"a025c91\" data-element_type=\"container\" data-e-type=\"container\">\n\t\t\t\t\t<div class=\"e-con-inner\">\n\t\t\t\t<div class=\"elementor-element elementor-element-0823891 elementor-widget elementor-widget-text-editor\" data-id=\"0823891\" data-element_type=\"widget\" data-e-type=\"widget\" data-widget_type=\"text-editor.default\">\n\t\t\t\t\t\t\t\t\t<p><span style=\"color: #000000;\">Hidrovinz\u00a0 cuenta con almac\u00e9n f\u00edsico, vs\u00edtanos<\/span><\/p>\t\t\t\t\t\t\t\t<\/div>\n\t\t\t\t\t<\/div>\n\t\t\t\t<\/div>\n\t\t<div class=\"elementor-element elementor-element-9641d1d e-flex e-con-boxed e-con e-parent\" data-id=\"9641d1d\" data-element_type=\"container\" data-e-type=\"container\">\n\t\t\t\t\t<div class=\"e-con-inner\">\n\t\t\t\t<div class=\"elementor-element elementor-element-b2d3ec9 elementor-widget elementor-widget-video\" data-id=\"b2d3ec9\" data-element_type=\"widget\" data-e-type=\"widget\" data-settings=\"{&quot;video_type&quot;:&quot;hosted&quot;,&quot;controls&quot;:&quot;yes&quot;}\" data-widget_type=\"video.default\">\n\t\t\t\t\t\t\t<div class=\"e-hosted-video elementor-wrapper elementor-open-inline\">\n\t\t\t\t\t<video class=\"elementor-video\" src=\"https:\/\/hidrovinz.com\/wp-content\/uploads\/2025\/10\/VID-20240208-WA0088.mp4\" controls=\"\" preload=\"metadata\" controlsList=\"nodownload\"><\/video>\n\t\t\t\t<\/div>\n\t\t\t\t\t\t<\/div>\n\t\t\t\t\t<\/div>\n\t\t\t\t<\/div>\n\t\t\t\t<\/div>\n\t\t","protected":false},"excerpt":{"rendered":"<p>Hidrovinz\u00a0 cuenta con almac\u00e9n f\u00edsico, vs\u00edtanos https:\/\/hidrovinz.com\/wp-content\/uploads\/2025\/10\/VID-20240208-WA0088.mp4<\/p>\n","protected":false},"author":1,"featured_media":0,"parent":0,"menu_order":0,"comment_status":"closed","ping_status":"closed","template":"","meta":{"footnotes":""},"class_list":["post-10","page","type-page","status-publish","hentry"],"yoast_head":"<!-- This site is optimized with the Yoast SEO plugin v27.3 - https:\/\/yoast.com\/product\/yoast-seo-wordpress\/ -->\n<title>Inicio - Hidrovinz<\/title>\n<meta name=\"robots\" content=\"index, follow, max-snippet:-1, max-image-preview:large, max-video-preview:-1\" \/>\n<link rel=\"canonical\" href=\"https:\/\/hidrovinz.com\/?page_id=10\" \/>\n<meta property=\"og:locale\" content=\"es_ES\" \/>\n<meta property=\"og:type\" content=\"article\" \/>\n<meta property=\"og:title\" content=\"Inicio - Hidrovinz\" \/>\n<meta property=\"og:description\" content=\"Hidrovinz\u00a0 cuenta con almac\u00e9n f\u00edsico, vs\u00edtanos https:\/\/hidrovinz.com\/wp-content\/uploads\/2025\/10\/VID-20240208-WA0088.mp4\" \/>\n<meta property=\"og:url\" content=\"https:\/\/hidrovinz.com\/?page_id=10\" \/>\n<meta property=\"og:site_name\" content=\"Hidrovinz\" \/>\n<meta property=\"article:modified_time\" content=\"2025-10-17T15:59:11+00:00\" \/>\n<meta property=\"og:image\" content=\"https:\/\/hidrovinz.com\/wp-content\/uploads\/2025\/10\/IMG_20230101_125437773_HDR-1-1-scaled.jpg\" \/>\n\t<meta property=\"og:image:width\" content=\"2560\" \/>\n\t<meta property=\"og:image:height\" content=\"1440\" \/>\n\t<meta property=\"og:image:type\" content=\"image\/jpeg\" \/>\n<meta name=\"twitter:card\" content=\"summary_large_image\" \/>\n<meta name=\"twitter:label1\" content=\"Tiempo de lectura\" \/>\n\t<meta name=\"twitter:data1\" content=\"1 minuto\" \/>\n<script type=\"application\/ld+json\" class=\"yoast-schema-graph\">{\"@context\":\"https:\\\/\\\/schema.org\",\"@graph\":[{\"@type\":\"WebPage\",\"@id\":\"https:\\\/\\\/hidrovinz.com\\\/?page_id=10\",\"url\":\"https:\\\/\\\/hidrovinz.com\\\/?page_id=10\",\"name\":\"Inicio - Hidrovinz\",\"isPartOf\":{\"@id\":\"https:\\\/\\\/hidrovinz.com\\\/#website\"},\"primaryImageOfPage\":{\"@id\":\"https:\\\/\\\/hidrovinz.com\\\/?page_id=10#primaryimage\"},\"image\":{\"@id\":\"https:\\\/\\\/hidrovinz.com\\\/?page_id=10#primaryimage\"},\"thumbnailUrl\":\"https:\\\/\\\/hidrovinz.com\\\/wp-content\\\/uploads\\\/2025\\\/10\\\/IMG_20230101_125437773_HDR-1-1-1024x576.jpg\",\"datePublished\":\"2025-10-16T00:23:27+00:00\",\"dateModified\":\"2025-10-17T15:59:11+00:00\",\"breadcrumb\":{\"@id\":\"https:\\\/\\\/hidrovinz.com\\\/?page_id=10#breadcrumb\"},\"inLanguage\":\"es\",\"potentialAction\":[{\"@type\":\"ReadAction\",\"target\":[\"https:\\\/\\\/hidrovinz.com\\\/?page_id=10\"]}]},{\"@type\":\"ImageObject\",\"inLanguage\":\"es\",\"@id\":\"https:\\\/\\\/hidrovinz.com\\\/?page_id=10#primaryimage\",\"url\":\"https:\\\/\\\/hidrovinz.com\\\/wp-content\\\/uploads\\\/2025\\\/10\\\/IMG_20230101_125437773_HDR-1-1-scaled.jpg\",\"contentUrl\":\"https:\\\/\\\/hidrovinz.com\\\/wp-content\\\/uploads\\\/2025\\\/10\\\/IMG_20230101_125437773_HDR-1-1-scaled.jpg\",\"width\":2560,\"height\":1440},{\"@type\":\"BreadcrumbList\",\"@id\":\"https:\\\/\\\/hidrovinz.com\\\/?page_id=10#breadcrumb\",\"itemListElement\":[{\"@type\":\"ListItem\",\"position\":1,\"name\":\"Portada\",\"item\":\"https:\\\/\\\/hidrovinz.com\\\/\"},{\"@type\":\"ListItem\",\"position\":2,\"name\":\"Inicio\"}]},{\"@type\":\"WebSite\",\"@id\":\"https:\\\/\\\/hidrovinz.com\\\/#website\",\"url\":\"https:\\\/\\\/hidrovinz.com\\\/\",\"name\":\"Hidrovinz\",\"description\":\"Dise\u00f1o e instalaci\u00f3n de Sistemas de Riego\",\"publisher\":{\"@id\":\"https:\\\/\\\/hidrovinz.com\\\/#organization\"},\"potentialAction\":[{\"@type\":\"SearchAction\",\"target\":{\"@type\":\"EntryPoint\",\"urlTemplate\":\"https:\\\/\\\/hidrovinz.com\\\/?s={search_term_string}\"},\"query-input\":{\"@type\":\"PropertyValueSpecification\",\"valueRequired\":true,\"valueName\":\"search_term_string\"}}],\"inLanguage\":\"es\"},{\"@type\":\"Organization\",\"@id\":\"https:\\\/\\\/hidrovinz.com\\\/#organization\",\"name\":\"Hidrovinz\",\"url\":\"https:\\\/\\\/hidrovinz.com\\\/\",\"logo\":{\"@type\":\"ImageObject\",\"inLanguage\":\"es\",\"@id\":\"https:\\\/\\\/hidrovinz.com\\\/#\\\/schema\\\/logo\\\/image\\\/\",\"url\":\"https:\\\/\\\/hidrovinz.com\\\/wp-content\\\/uploads\\\/2025\\\/10\\\/logo-web.gif\",\"contentUrl\":\"https:\\\/\\\/hidrovinz.com\\\/wp-content\\\/uploads\\\/2025\\\/10\\\/logo-web.gif\",\"width\":298,\"height\":87,\"caption\":\"Hidrovinz\"},\"image\":{\"@id\":\"https:\\\/\\\/hidrovinz.com\\\/#\\\/schema\\\/logo\\\/image\\\/\"}}]}<\/script>\n<!-- \/ Yoast SEO plugin. -->","yoast_head_json":{"title":"Inicio - Hidrovinz","robots":{"index":"index","follow":"follow","max-snippet":"max-snippet:-1","max-image-preview":"max-image-preview:large","max-video-preview":"max-video-preview:-1"},"canonical":"https:\/\/hidrovinz.com\/?page_id=10","og_locale":"es_ES","og_type":"article","og_title":"Inicio - Hidrovinz","og_description":"Hidrovinz\u00a0 cuenta con almac\u00e9n f\u00edsico, vs\u00edtanos https:\/\/hidrovinz.com\/wp-content\/uploads\/2025\/10\/VID-20240208-WA0088.mp4","og_url":"https:\/\/hidrovinz.com\/?page_id=10","og_site_name":"Hidrovinz","article_modified_time":"2025-10-17T15:59:11+00:00","og_image":[{"width":2560,"height":1440,"url":"https:\/\/hidrovinz.com\/wp-content\/uploads\/2025\/10\/IMG_20230101_125437773_HDR-1-1-scaled.jpg","type":"image\/jpeg"}],"twitter_card":"summary_large_image","twitter_misc":{"Tiempo de lectura":"1 minuto"},"schema":{"@context":"https:\/\/schema.org","@graph":[{"@type":"WebPage","@id":"https:\/\/hidrovinz.com\/?page_id=10","url":"https:\/\/hidrovinz.com\/?page_id=10","name":"Inicio - Hidrovinz","isPartOf":{"@id":"https:\/\/hidrovinz.com\/#website"},"primaryImageOfPage":{"@id":"https:\/\/hidrovinz.com\/?page_id=10#primaryimage"},"image":{"@id":"https:\/\/hidrovinz.com\/?page_id=10#primaryimage"},"thumbnailUrl":"https:\/\/hidrovinz.com\/wp-content\/uploads\/2025\/10\/IMG_20230101_125437773_HDR-1-1-1024x576.jpg","datePublished":"2025-10-16T00:23:27+00:00","dateModified":"2025-10-17T15:59:11+00:00","breadcrumb":{"@id":"https:\/\/hidrovinz.com\/?page_id=10#breadcrumb"},"inLanguage":"es","potentialAction":[{"@type":"ReadAction","target":["https:\/\/hidrovinz.com\/?page_id=10"]}]},{"@type":"ImageObject","inLanguage":"es","@id":"https:\/\/hidrovinz.com\/?page_id=10#primaryimage","url":"https:\/\/hidrovinz.com\/wp-content\/uploads\/2025\/10\/IMG_20230101_125437773_HDR-1-1-scaled.jpg","contentUrl":"https:\/\/hidrovinz.com\/wp-content\/uploads\/2025\/10\/IMG_20230101_125437773_HDR-1-1-scaled.jpg","width":2560,"height":1440},{"@type":"BreadcrumbList","@id":"https:\/\/hidrovinz.com\/?page_id=10#breadcrumb","itemListElement":[{"@type":"ListItem","position":1,"name":"Portada","item":"https:\/\/hidrovinz.com\/"},{"@type":"ListItem","position":2,"name":"Inicio"}]},{"@type":"WebSite","@id":"https:\/\/hidrovinz.com\/#website","url":"https:\/\/hidrovinz.com\/","name":"Hidrovinz","description":"Dise\u00f1o e instalaci\u00f3n de Sistemas de Riego","publisher":{"@id":"https:\/\/hidrovinz.com\/#organization"},"potentialAction":[{"@type":"SearchAction","target":{"@type":"EntryPoint","urlTemplate":"https:\/\/hidrovinz.com\/?s={search_term_string}"},"query-input":{"@type":"PropertyValueSpecification","valueRequired":true,"valueName":"search_term_string"}}],"inLanguage":"es"},{"@type":"Organization","@id":"https:\/\/hidrovinz.com\/#organization","name":"Hidrovinz","url":"https:\/\/hidrovinz.com\/","logo":{"@type":"ImageObject","inLanguage":"es","@id":"https:\/\/hidrovinz.com\/#\/schema\/logo\/image\/","url":"https:\/\/hidrovinz.com\/wp-content\/uploads\/2025\/10\/logo-web.gif","contentUrl":"https:\/\/hidrovinz.com\/wp-content\/uploads\/2025\/10\/logo-web.gif","width":298,"height":87,"caption":"Hidrovinz"},"image":{"@id":"https:\/\/hidrovinz.com\/#\/schema\/logo\/image\/"}}]}},"_links":{"self":[{"href":"https:\/\/hidrovinz.com\/index.php?rest_route=\/wp\/v2\/pages\/10","targetHints":{"allow":["GET"]}}],"collection":[{"href":"https:\/\/hidrovinz.com\/index.php?rest_route=\/wp\/v2\/pages"}],"about":[{"href":"https:\/\/hidrovinz.com\/index.php?rest_route=\/wp\/v2\/types\/page"}],"author":[{"embeddable":true,"href":"https:\/\/hidrovinz.com\/index.php?rest_route=\/wp\/v2\/users\/1"}],"replies":[{"embeddable":true,"href":"https:\/\/hidrovinz.com\/index.php?rest_route=%2Fwp%2Fv2%2Fcomments&post=10"}],"version-history":[{"count":7,"href":"https:\/\/hidrovinz.com\/index.php?rest_route=\/wp\/v2\/pages\/10\/revisions"}],"predecessor-version":[{"id":41,"href":"https:\/\/hidrovinz.com\/index.php?rest_route=\/wp\/v2\/pages\/10\/revisions\/41"}],"wp:attachment":[{"href":"https:\/\/hidrovinz.com\/index.php?rest_route=%2Fwp%2Fv2%2Fmedia&parent=10"}],"curies":[{"name":"wp","href":"https:\/\/api.w.org\/{rel}","templated":true}]}}